{"id":2935,"date":"2025-01-06T20:29:11","date_gmt":"2025-01-06T23:29:11","guid":{"rendered":"https:\/\/www.eclip.ar\/puerto-madryn\/?post_type=product&#038;p=2935"},"modified":"2026-01-13T12:47:36","modified_gmt":"2026-01-13T15:47:36","slug":"micro-sd-64-gb-kingston","status":"publish","type":"product","link":"https:\/\/www.eclip.ar\/puerto-madryn\/producto\/micro-sd-64-gb-kingston\/","title":{"rendered":"Micro SD 64 Gb Kingston"},"content":{"rendered":"<p><strong>Micro SD 64 GB Kingston \u2013 Almacenamiento confiable y vers\u00e1til<\/strong><\/p>\n<p>La Micro SD Kingston de 64 GB es la soluci\u00f3n ideal para expandir la memoria de tus dispositivos. Perfecta para smartphones, tablets, c\u00e1maras y m\u00e1s, esta tarjeta ofrece:<\/p>\n<p>&#8211; <strong>Capacidad de 64 GB:<\/strong> Espacio suficiente para almacenar fotos, videos, m\u00fasica y documentos.<br \/>\n&#8211; <strong>Alta velocidad de transferencia:<\/strong> Garantiza un rendimiento r\u00e1pido y fluido en lectura y escritura.<br \/>\n&#8211; <strong>Durabilidad garantizada:<\/strong> Resistente al agua, golpes, rayos X y temperaturas extremas.<br \/>\n&#8211; <strong>Compatibilidad universal:<\/strong> Funciona con una amplia variedad de dispositivos.<\/p>\n<p>Incluye un adaptador para facilitar el uso en dispositivos con ranura SD est\u00e1ndar. Aument\u00e1 tu capacidad de almacenamiento con la calidad y confianza que solo Kingston puede ofrecer.<\/p>\n","protected":false},"excerpt":{"rendered":"<p>Micro SD 64 GB Kingston \u2013 Almacenamiento confiable y vers\u00e1til La Micro SD Kingston de 64 GB es la soluci\u00f3n ideal para expandir la memoria de tus dispositivos. Perfecta para smartphones, tablets, c\u00e1maras y m\u00e1s, esta tarjeta ofrece: &#8211; Capacidad de 64 GB: Espacio suficiente para almacenar fotos, videos, m\u00fasica y documentos. &#8211; Alta velocidad&hellip;<\/p>\n","protected":false},"featured_media":2936,"template":"","meta":{"_joinchat":[]},"product_cat":[30],"product_tag":[],"class_list":{"0":"post-2935","1":"product","2":"type-product","3":"status-publish","4":"has-post-thumbnail","6":"product_cat-micro-sd","8":"first","9":"instock","10":"shipping-taxable","11":"purchasable","12":"product-type-simple","13":"col-xs-6 col-sm-4","14":"col-md-4 col-lg-4","15":"un-3-cols"},"yoast_head":"<!-- This site is optimized with the Yoast SEO Premium plugin v22.7 (Yoast SEO v26.8) - https:\/\/yoast.com\/product\/yoast-seo-premium-wordpress\/ -->\n<title>Micro SD 64 Gb Kingston - eclip - Puerto Madryn<\/title>\n<meta name=\"description\" content=\"Los mejores productos de tecnolog\u00eda en Puerto Madryn \ud83d\ude80 Desde pendrives, routers, y accesorios Explora y descubre lo \u00faltimo en tecnolog\u00eda \ud83d\udcf1\ud83d\udcbb\ud83d\udd0c\" \/>\n<meta name=\"robots\" content=\"index, follow, max-snippet:-1, max-image-preview:large, max-video-preview:-1\" \/>\n<link rel=\"canonical\" href=\"https:\/\/www.eclip.ar\/puerto-madryn\/producto\/micro-sd-64-gb-kingston\/\" \/>\n<meta property=\"og:locale\" content=\"es_ES\" \/>\n<meta property=\"og:type\" content=\"article\" \/>\n<meta property=\"og:title\" content=\"Micro SD 64 Gb Kingston - Compra Ahora - Envio a domicilio\" \/>\n<meta property=\"og:description\" content=\"Todos los productos en tu ciudad \ud83d\udd25\ud83d\udd25\ud83d\udd25\" \/>\n<meta property=\"og:url\" content=\"https:\/\/www.eclip.ar\/puerto-madryn\/producto\/micro-sd-64-gb-kingston\/\" \/>\n<meta property=\"og:site_name\" content=\"eclip\" \/>\n<meta property=\"article:modified_time\" content=\"2026-01-13T15:47:36+00:00\" \/>\n<meta property=\"og:image\" content=\"https:\/\/www.eclip.ar\/puerto-madryn\/wp-content\/uploads\/2025\/01\/13588.jpg\" \/>\n\t<meta property=\"og:image:width\" content=\"374\" \/>\n\t<meta property=\"og:image:height\" content=\"500\" \/>\n\t<meta property=\"og:image:type\" content=\"image\/jpeg\" \/>\n<meta name=\"twitter:card\" content=\"summary_large_image\" \/>\n<meta name=\"twitter:label1\" content=\"Precio\" \/>\n\t<meta name=\"twitter:data1\" content=\"&#036;&nbsp;22.600\" \/>\n\t<meta name=\"twitter:label2\" content=\"Availability\" \/>\n\t<meta name=\"twitter:data2\" content=\"In stock\" \/>\n<script type=\"application\/ld+json\" class=\"yoast-schema-graph\">{\"@context\":\"https:\/\/schema.org\",\"@graph\":[{\"@type\":\"WebPage\",\"@id\":\"https:\/\/www.eclip.ar\/puerto-madryn\/producto\/micro-sd-64-gb-kingston\/\",\"url\":\"https:\/\/www.eclip.ar\/puerto-madryn\/producto\/micro-sd-64-gb-kingston\/\",\"name\":\"Micro SD 64 Gb Kingston - eclip - Puerto Madryn\",\"isPartOf\":{\"@id\":\"https:\/\/www.eclip.ar\/puerto-madryn\/#website\"},\"primaryImageOfPage\":{\"@id\":\"https:\/\/www.eclip.ar\/puerto-madryn\/producto\/micro-sd-64-gb-kingston\/#primaryimage\"},\"image\":{\"@id\":\"https:\/\/www.eclip.ar\/puerto-madryn\/producto\/micro-sd-64-gb-kingston\/#primaryimage\"},\"thumbnailUrl\":\"https:\/\/www.eclip.ar\/puerto-madryn\/wp-content\/uploads\/2025\/01\/13588.jpg\",\"datePublished\":\"2025-01-06T23:29:11+00:00\",\"dateModified\":\"2026-01-13T15:47:36+00:00\",\"description\":\"Los mejores productos de tecnolog\u00eda en Puerto Madryn \ud83d\ude80 Desde pendrives, routers, y accesorios Explora y descubre lo \u00faltimo en tecnolog\u00eda \ud83d\udcf1\ud83d\udcbb\ud83d\udd0c\",\"breadcrumb\":{\"@id\":\"https:\/\/www.eclip.ar\/puerto-madryn\/producto\/micro-sd-64-gb-kingston\/#breadcrumb\"},\"inLanguage\":\"es\",\"potentialAction\":[{\"@type\":\"ReadAction\",\"target\":[\"https:\/\/www.eclip.ar\/puerto-madryn\/producto\/micro-sd-64-gb-kingston\/\"]}]},{\"@type\":\"ImageObject\",\"inLanguage\":\"es\",\"@id\":\"https:\/\/www.eclip.ar\/puerto-madryn\/producto\/micro-sd-64-gb-kingston\/#primaryimage\",\"url\":\"https:\/\/www.eclip.ar\/puerto-madryn\/wp-content\/uploads\/2025\/01\/13588.jpg\",\"contentUrl\":\"https:\/\/www.eclip.ar\/puerto-madryn\/wp-content\/uploads\/2025\/01\/13588.jpg\",\"width\":374,\"height\":500,\"caption\":\"Micro SD 64 Gb Kingston\"},{\"@type\":\"BreadcrumbList\",\"@id\":\"https:\/\/www.eclip.ar\/puerto-madryn\/producto\/micro-sd-64-gb-kingston\/#breadcrumb\",\"itemListElement\":[{\"@type\":\"ListItem\",\"position\":1,\"name\":\"Inicio\",\"item\":\"https:\/\/www.eclip.ar\/puerto-madryn\/\"},{\"@type\":\"ListItem\",\"position\":2,\"name\":\"Productos\",\"item\":\"https:\/\/www.eclip.ar\/puerto-madryn\/tienda\/\"},{\"@type\":\"ListItem\",\"position\":3,\"name\":\"Micro SD 64 Gb Kingston\"}]},{\"@type\":\"WebSite\",\"@id\":\"https:\/\/www.eclip.ar\/puerto-madryn\/#website\",\"url\":\"https:\/\/www.eclip.ar\/puerto-madryn\/\",\"name\":\"eclip\",\"description\":\"Libreria - Tecnolog\u00eda\",\"publisher\":{\"@id\":\"https:\/\/www.eclip.ar\/puerto-madryn\/#organization\"},\"potentialAction\":[{\"@type\":\"SearchAction\",\"target\":{\"@type\":\"EntryPoint\",\"urlTemplate\":\"https:\/\/www.eclip.ar\/puerto-madryn\/?s={search_term_string}\"},\"query-input\":{\"@type\":\"PropertyValueSpecification\",\"valueRequired\":true,\"valueName\":\"search_term_string\"}}],\"inLanguage\":\"es\"},{\"@type\":[\"Organization\",\"Place\"],\"@id\":\"https:\/\/www.eclip.ar\/puerto-madryn\/#organization\",\"name\":\"eclip - puerto madryn\",\"url\":\"https:\/\/www.eclip.ar\/puerto-madryn\/\",\"logo\":{\"@id\":\"https:\/\/www.eclip.ar\/puerto-madryn\/producto\/micro-sd-64-gb-kingston\/#local-main-organization-logo\"},\"image\":{\"@id\":\"https:\/\/www.eclip.ar\/puerto-madryn\/producto\/micro-sd-64-gb-kingston\/#local-main-organization-logo\"},\"description\":\"Empresa de Puerto Madryn dedicada a la venta de productos tecnol\u00f3gicos como routers, pendrives y accesorios, con entregas locales y atenci\u00f3n personalizada v\u00eda WhatsApp.\",\"legalName\":\"eclip\",\"address\":{\"@id\":\"https:\/\/www.eclip.ar\/puerto-madryn\/producto\/micro-sd-64-gb-kingston\/#local-main-place-address\"},\"telephone\":[\"2804706994\"],\"contactPoint\":{\"@type\":\"ContactPoint\",\"telephone\":\"2804706994\"},\"openingHoursSpecification\":[{\"@type\":\"OpeningHoursSpecification\",\"dayOfWeek\":[\"Monday\",\"Tuesday\",\"Wednesday\",\"Thursday\",\"Friday\",\"Saturday\",\"Sunday\"],\"opens\":\"09:00\",\"closes\":\"21:00\"}]},{\"@type\":\"PostalAddress\",\"@id\":\"https:\/\/www.eclip.ar\/puerto-madryn\/producto\/micro-sd-64-gb-kingston\/#local-main-place-address\",\"streetAddress\":\"Calle Marzullo 661\",\"addressLocality\":\"Puerto Madryn\",\"postalCode\":\"9120\",\"addressRegion\":\"Chubut\",\"addressCountry\":\"AR\"},{\"@type\":\"ImageObject\",\"inLanguage\":\"es\",\"@id\":\"https:\/\/www.eclip.ar\/puerto-madryn\/producto\/micro-sd-64-gb-kingston\/#local-main-organization-logo\",\"url\":\"https:\/\/www.eclip.ar\/puerto-madryn\/wp-content\/uploads\/2024\/09\/logos_eclip.jpg\",\"contentUrl\":\"https:\/\/www.eclip.ar\/puerto-madryn\/wp-content\/uploads\/2024\/09\/logos_eclip.jpg\",\"width\":1280,\"height\":1280,\"caption\":\"eclip - puerto madryn\"}]}<\/script>\n<meta property=\"product:price:amount\" content=\"22600\" \/>\n<meta property=\"product:price:currency\" content=\"ARS\" \/>\n<meta property=\"og:availability\" content=\"instock\" \/>\n<meta property=\"product:availability\" content=\"instock\" \/>\n<meta property=\"product:retailer_item_id\" content=\"13588\" \/>\n<meta property=\"product:condition\" content=\"new\" \/>\n<meta name=\"geo.placename\" content=\"Puerto Madryn\" \/>\n<meta name=\"geo.region\" content=\"Argentina\" \/>\n<!-- \/ Yoast SEO Premium plugin. -->","yoast_head_json":{"title":"Micro SD 64 Gb Kingston - eclip - Puerto Madryn","description":"Los mejores productos de tecnolog\u00eda en Puerto Madryn \ud83d\ude80 Desde pendrives, routers, y accesorios Explora y descubre lo \u00faltimo en tecnolog\u00eda \ud83d\udcf1\ud83d\udcbb\ud83d\udd0c","robots":{"index":"index","follow":"follow","max-snippet":"max-snippet:-1","max-image-preview":"max-image-preview:large","max-video-preview":"max-video-preview:-1"},"canonical":"https:\/\/www.eclip.ar\/puerto-madryn\/producto\/micro-sd-64-gb-kingston\/","og_locale":"es_ES","og_type":"article","og_title":"Micro SD 64 Gb Kingston - Compra Ahora - Envio a domicilio","og_description":"Todos los productos en tu ciudad \ud83d\udd25\ud83d\udd25\ud83d\udd25","og_url":"https:\/\/www.eclip.ar\/puerto-madryn\/producto\/micro-sd-64-gb-kingston\/","og_site_name":"eclip","article_modified_time":"2026-01-13T15:47:36+00:00","og_image":[{"width":374,"height":500,"url":"https:\/\/www.eclip.ar\/puerto-madryn\/wp-content\/uploads\/2025\/01\/13588.jpg","type":"image\/jpeg"}],"twitter_card":"summary_large_image","twitter_misc":{"Precio":"&#36;&nbsp;22.600","Availability":"In stock"},"schema":{"@context":"https:\/\/schema.org","@graph":[{"@type":"WebPage","@id":"https:\/\/www.eclip.ar\/puerto-madryn\/producto\/micro-sd-64-gb-kingston\/","url":"https:\/\/www.eclip.ar\/puerto-madryn\/producto\/micro-sd-64-gb-kingston\/","name":"Micro SD 64 Gb Kingston - eclip - Puerto Madryn","isPartOf":{"@id":"https:\/\/www.eclip.ar\/puerto-madryn\/#website"},"primaryImageOfPage":{"@id":"https:\/\/www.eclip.ar\/puerto-madryn\/producto\/micro-sd-64-gb-kingston\/#primaryimage"},"image":{"@id":"https:\/\/www.eclip.ar\/puerto-madryn\/producto\/micro-sd-64-gb-kingston\/#primaryimage"},"thumbnailUrl":"https:\/\/www.eclip.ar\/puerto-madryn\/wp-content\/uploads\/2025\/01\/13588.jpg","datePublished":"2025-01-06T23:29:11+00:00","dateModified":"2026-01-13T15:47:36+00:00","description":"Los mejores productos de tecnolog\u00eda en Puerto Madryn \ud83d\ude80 Desde pendrives, routers, y accesorios Explora y descubre lo \u00faltimo en tecnolog\u00eda \ud83d\udcf1\ud83d\udcbb\ud83d\udd0c","breadcrumb":{"@id":"https:\/\/www.eclip.ar\/puerto-madryn\/producto\/micro-sd-64-gb-kingston\/#breadcrumb"},"inLanguage":"es","potentialAction":[{"@type":"ReadAction","target":["https:\/\/www.eclip.ar\/puerto-madryn\/producto\/micro-sd-64-gb-kingston\/"]}]},{"@type":"ImageObject","inLanguage":"es","@id":"https:\/\/www.eclip.ar\/puerto-madryn\/producto\/micro-sd-64-gb-kingston\/#primaryimage","url":"https:\/\/www.eclip.ar\/puerto-madryn\/wp-content\/uploads\/2025\/01\/13588.jpg","contentUrl":"https:\/\/www.eclip.ar\/puerto-madryn\/wp-content\/uploads\/2025\/01\/13588.jpg","width":374,"height":500,"caption":"Micro SD 64 Gb Kingston"},{"@type":"BreadcrumbList","@id":"https:\/\/www.eclip.ar\/puerto-madryn\/producto\/micro-sd-64-gb-kingston\/#breadcrumb","itemListElement":[{"@type":"ListItem","position":1,"name":"Inicio","item":"https:\/\/www.eclip.ar\/puerto-madryn\/"},{"@type":"ListItem","position":2,"name":"Productos","item":"https:\/\/www.eclip.ar\/puerto-madryn\/tienda\/"},{"@type":"ListItem","position":3,"name":"Micro SD 64 Gb Kingston"}]},{"@type":"WebSite","@id":"https:\/\/www.eclip.ar\/puerto-madryn\/#website","url":"https:\/\/www.eclip.ar\/puerto-madryn\/","name":"eclip","description":"Libreria - Tecnolog\u00eda","publisher":{"@id":"https:\/\/www.eclip.ar\/puerto-madryn\/#organization"},"potentialAction":[{"@type":"SearchAction","target":{"@type":"EntryPoint","urlTemplate":"https:\/\/www.eclip.ar\/puerto-madryn\/?s={search_term_string}"},"query-input":{"@type":"PropertyValueSpecification","valueRequired":true,"valueName":"search_term_string"}}],"inLanguage":"es"},{"@type":["Organization","Place"],"@id":"https:\/\/www.eclip.ar\/puerto-madryn\/#organization","name":"eclip - puerto madryn","url":"https:\/\/www.eclip.ar\/puerto-madryn\/","logo":{"@id":"https:\/\/www.eclip.ar\/puerto-madryn\/producto\/micro-sd-64-gb-kingston\/#local-main-organization-logo"},"image":{"@id":"https:\/\/www.eclip.ar\/puerto-madryn\/producto\/micro-sd-64-gb-kingston\/#local-main-organization-logo"},"description":"Empresa de Puerto Madryn dedicada a la venta de productos tecnol\u00f3gicos como routers, pendrives y accesorios, con entregas locales y atenci\u00f3n personalizada v\u00eda WhatsApp.","legalName":"eclip","address":{"@id":"https:\/\/www.eclip.ar\/puerto-madryn\/producto\/micro-sd-64-gb-kingston\/#local-main-place-address"},"telephone":["2804706994"],"contactPoint":{"@type":"ContactPoint","telephone":"2804706994"},"openingHoursSpecification":[{"@type":"OpeningHoursSpecification","dayOfWeek":["Monday","Tuesday","Wednesday","Thursday","Friday","Saturday","Sunday"],"opens":"09:00","closes":"21:00"}]},{"@type":"PostalAddress","@id":"https:\/\/www.eclip.ar\/puerto-madryn\/producto\/micro-sd-64-gb-kingston\/#local-main-place-address","streetAddress":"Calle Marzullo 661","addressLocality":"Puerto Madryn","postalCode":"9120","addressRegion":"Chubut","addressCountry":"AR"},{"@type":"ImageObject","inLanguage":"es","@id":"https:\/\/www.eclip.ar\/puerto-madryn\/producto\/micro-sd-64-gb-kingston\/#local-main-organization-logo","url":"https:\/\/www.eclip.ar\/puerto-madryn\/wp-content\/uploads\/2024\/09\/logos_eclip.jpg","contentUrl":"https:\/\/www.eclip.ar\/puerto-madryn\/wp-content\/uploads\/2024\/09\/logos_eclip.jpg","width":1280,"height":1280,"caption":"eclip - puerto madryn"}]},"product_price_amount":"22600","product_price_currency":"ARS","og_availability":"instock","product_availability":"instock","product_retailer_item_id":"13588","product_condition":"new","geo.placename":"Puerto Madryn","geo.region":"Argentina"},"_links":{"self":[{"href":"https:\/\/www.eclip.ar\/puerto-madryn\/wp-json\/wp\/v2\/product\/2935","targetHints":{"allow":["GET"]}}],"collection":[{"href":"https:\/\/www.eclip.ar\/puerto-madryn\/wp-json\/wp\/v2\/product"}],"about":[{"href":"https:\/\/www.eclip.ar\/puerto-madryn\/wp-json\/wp\/v2\/types\/product"}],"wp:featuredmedia":[{"embeddable":true,"href":"https:\/\/www.eclip.ar\/puerto-madryn\/wp-json\/wp\/v2\/media\/2936"}],"wp:attachment":[{"href":"https:\/\/www.eclip.ar\/puerto-madryn\/wp-json\/wp\/v2\/media?parent=2935"}],"wp:term":[{"taxonomy":"product_cat","embeddable":true,"href":"https:\/\/www.eclip.ar\/puerto-madryn\/wp-json\/wp\/v2\/product_cat?post=2935"},{"taxonomy":"product_tag","embeddable":true,"href":"https:\/\/www.eclip.ar\/puerto-madryn\/wp-json\/wp\/v2\/product_tag?post=2935"}],"curies":[{"name":"wp","href":"https:\/\/api.w.org\/{rel}","templated":true}]}}