{"id":1276,"date":"2024-04-08T15:46:56","date_gmt":"2024-04-08T18:46:56","guid":{"rendered":"https:\/\/www.eclip.ar\/puerto-madryn\/?post_type=product&#038;p=1276"},"modified":"2025-10-01T13:01:22","modified_gmt":"2025-10-01T16:01:22","slug":"mouse-genius-nx-7000","status":"publish","type":"product","link":"https:\/\/www.eclip.ar\/puerto-madryn\/producto\/mouse-genius-nx-7000\/","title":{"rendered":"Mouse Genius NX-7000 &#8211; Mouse inal\u00e1mbrico"},"content":{"rendered":"<ul class=\"ui-vpp-highlighted-specs__features-list\">\n<li class=\"ui-vpp-highlighted-specs__features-list-item ui-pdp-color--BLACK ui-pdp-size--XSMALL ui-pdp-family--REGULAR\">Es inal\u00e1mbrico.<\/li>\n<li class=\"ui-vpp-highlighted-specs__features-list-item ui-pdp-color--BLACK ui-pdp-size--XSMALL ui-pdp-family--REGULAR\">Orientaci\u00f3n de la mano: ambidiestro.<\/li>\n<li class=\"ui-vpp-highlighted-specs__features-list-item ui-pdp-color--BLACK ui-pdp-size--XSMALL ui-pdp-family--REGULAR\">Posee rueda de desplazamiento.<\/li>\n<li class=\"ui-vpp-highlighted-specs__features-list-item ui-pdp-color--BLACK ui-pdp-size--XSMALL ui-pdp-family--REGULAR\">Cuenta con interruptor de ahorro de energ\u00eda.<\/li>\n<li class=\"ui-vpp-highlighted-specs__features-list-item ui-pdp-color--BLACK ui-pdp-size--XSMALL ui-pdp-family--REGULAR\">Con sensor \u00f3ptico.<\/li>\n<li class=\"ui-vpp-highlighted-specs__features-list-item ui-pdp-color--BLACK ui-pdp-size--XSMALL ui-pdp-family--REGULAR\">Resoluci\u00f3n de 1200dpi.<\/li>\n<\/ul>\n<p><a class=\"ui-pdp-media__action ui-vpp-highlighted-specs__features-action\" title=\"Ver caracter\u00edsticas\" href=\"https:\/\/www.mercadolibre.com.ar\/mouse-inalambrico-genius-nx-7000-calm-black\/p\/MLA6162786?pdp_filters=category:MLA430630#\" target=\"_self\" rel=\"noopener\">Ver caracter\u00edsticas<\/a><\/p>\n","protected":false},"excerpt":{"rendered":"<ul class=\"ui-vpp-highlighted-specs__features-list\">\n<li class=\"ui-vpp-highlighted-specs__features-list-item ui-pdp-color--BLACK ui-pdp-size--XSMALL ui-pdp-family--REGULAR\">Es inal\u00e1mbrico.<\/li>\n<li class=\"ui-vpp-highlighted-specs__features-list-item ui-pdp-color--BLACK ui-pdp-size--XSMALL ui-pdp-family--REGULAR\">Orientaci\u00f3n de la mano: ambidiestro.<\/li>\n<li class=\"ui-vpp-highlighted-specs__features-list-item ui-pdp-color--BLACK ui-pdp-size--XSMALL ui-pdp-family--REGULAR\">Posee rueda de desplazamiento.<\/li>\n<li class=\"ui-vpp-highlighted-specs__features-list-item ui-pdp-color--BLACK ui-pdp-size--XSMALL ui-pdp-family--REGULAR\">Cuenta con interruptor de ahorro de energ\u00eda.<\/li>\n<li class=\"ui-vpp-highlighted-specs__features-list-item ui-pdp-color--BLACK ui-pdp-size--XSMALL ui-pdp-family--REGULAR\">Con sensor \u00f3ptico.<\/li>\n<li class=\"ui-vpp-highlighted-specs__features-list-item ui-pdp-color--BLACK ui-pdp-size--XSMALL ui-pdp-family--REGULAR\">Resoluci\u00f3n de 1200dpi.<\/li>\n<\/ul>\n<p><a class=\"ui-pdp-media__action ui-vpp-highlighted-specs__features-action\" title=\"Ver caracter\u00edsticas\" href=\"https:\/\/www.mercadolibre.com.ar\/mouse-inalambrico-genius-nx-7000-calm-black\/p\/MLA6162786?pdp_filters=category:MLA430630#\" target=\"_self\" rel=\"noopener\">Ver caracter\u00edsticas<\/a><\/p>\n","protected":false},"featured_media":2455,"template":"","meta":{"_joinchat":[]},"product_cat":[28],"product_tag":[],"class_list":{"0":"post-1276","1":"product","2":"type-product","3":"status-publish","4":"has-post-thumbnail","6":"product_cat-mouse","8":"first","9":"instock","10":"shipping-taxable","11":"purchasable","12":"product-type-simple","13":"col-xs-6 col-sm-4","14":"col-md-4 col-lg-4","15":"un-3-cols"},"yoast_head":"<!-- This site is optimized with the Yoast SEO Premium plugin v22.7 (Yoast SEO v26.8) - https:\/\/yoast.com\/product\/yoast-seo-premium-wordpress\/ -->\n<title>Mouse Genius NX-7000 - Mouse inal\u00e1mbrico - eclip - Puerto Madryn<\/title>\n<meta name=\"description\" content=\"Los mejores productos de tecnolog\u00eda en Puerto Madryn \ud83d\ude80 Desde pendrives, routers, y accesorios Explora y descubre lo \u00faltimo en tecnolog\u00eda \ud83d\udcf1\ud83d\udcbb\ud83d\udd0c\" \/>\n<meta name=\"robots\" content=\"index, follow, max-snippet:-1, max-image-preview:large, max-video-preview:-1\" \/>\n<link rel=\"canonical\" href=\"https:\/\/www.eclip.ar\/puerto-madryn\/producto\/mouse-genius-nx-7000\/\" \/>\n<meta property=\"og:locale\" content=\"es_ES\" \/>\n<meta property=\"og:type\" content=\"article\" \/>\n<meta property=\"og:title\" content=\"Mouse Genius NX-7000 - Mouse inal\u00e1mbrico - Compra Ahora - Envio a domicilio\" \/>\n<meta property=\"og:description\" content=\"Todos los productos en tu ciudad \ud83d\udd25\ud83d\udd25\ud83d\udd25\" \/>\n<meta property=\"og:url\" content=\"https:\/\/www.eclip.ar\/puerto-madryn\/producto\/mouse-genius-nx-7000\/\" \/>\n<meta property=\"og:site_name\" content=\"eclip\" \/>\n<meta property=\"article:modified_time\" content=\"2025-10-01T16:01:22+00:00\" \/>\n<meta property=\"og:image\" content=\"https:\/\/www.eclip.ar\/puerto-madryn\/wp-content\/uploads\/2024\/04\/17041.jpg\" \/>\n\t<meta property=\"og:image:width\" content=\"500\" \/>\n\t<meta property=\"og:image:height\" content=\"500\" \/>\n\t<meta property=\"og:image:type\" content=\"image\/jpeg\" \/>\n<meta name=\"twitter:card\" content=\"summary_large_image\" \/>\n<meta name=\"twitter:label1\" content=\"Precio\" \/>\n\t<meta name=\"twitter:data1\" content=\"&#036;&nbsp;12.500\" \/>\n\t<meta name=\"twitter:label2\" content=\"Availability\" \/>\n\t<meta name=\"twitter:data2\" content=\"In stock\" \/>\n<script type=\"application\/ld+json\" class=\"yoast-schema-graph\">{\"@context\":\"https:\/\/schema.org\",\"@graph\":[{\"@type\":\"WebPage\",\"@id\":\"https:\/\/www.eclip.ar\/puerto-madryn\/producto\/mouse-genius-nx-7000\/\",\"url\":\"https:\/\/www.eclip.ar\/puerto-madryn\/producto\/mouse-genius-nx-7000\/\",\"name\":\"Mouse Genius NX-7000 - Mouse inal\u00e1mbrico - eclip - Puerto Madryn\",\"isPartOf\":{\"@id\":\"https:\/\/www.eclip.ar\/puerto-madryn\/#website\"},\"primaryImageOfPage\":{\"@id\":\"https:\/\/www.eclip.ar\/puerto-madryn\/producto\/mouse-genius-nx-7000\/#primaryimage\"},\"image\":{\"@id\":\"https:\/\/www.eclip.ar\/puerto-madryn\/producto\/mouse-genius-nx-7000\/#primaryimage\"},\"thumbnailUrl\":\"https:\/\/www.eclip.ar\/puerto-madryn\/wp-content\/uploads\/2024\/04\/17041.jpg\",\"datePublished\":\"2024-04-08T18:46:56+00:00\",\"dateModified\":\"2025-10-01T16:01:22+00:00\",\"description\":\"Los mejores productos de tecnolog\u00eda en Puerto Madryn \ud83d\ude80 Desde pendrives, routers, y accesorios Explora y descubre lo \u00faltimo en tecnolog\u00eda \ud83d\udcf1\ud83d\udcbb\ud83d\udd0c\",\"breadcrumb\":{\"@id\":\"https:\/\/www.eclip.ar\/puerto-madryn\/producto\/mouse-genius-nx-7000\/#breadcrumb\"},\"inLanguage\":\"es\",\"potentialAction\":[{\"@type\":\"ReadAction\",\"target\":[\"https:\/\/www.eclip.ar\/puerto-madryn\/producto\/mouse-genius-nx-7000\/\"]}]},{\"@type\":\"ImageObject\",\"inLanguage\":\"es\",\"@id\":\"https:\/\/www.eclip.ar\/puerto-madryn\/producto\/mouse-genius-nx-7000\/#primaryimage\",\"url\":\"https:\/\/www.eclip.ar\/puerto-madryn\/wp-content\/uploads\/2024\/04\/17041.jpg\",\"contentUrl\":\"https:\/\/www.eclip.ar\/puerto-madryn\/wp-content\/uploads\/2024\/04\/17041.jpg\",\"width\":500,\"height\":500},{\"@type\":\"BreadcrumbList\",\"@id\":\"https:\/\/www.eclip.ar\/puerto-madryn\/producto\/mouse-genius-nx-7000\/#breadcrumb\",\"itemListElement\":[{\"@type\":\"ListItem\",\"position\":1,\"name\":\"Inicio\",\"item\":\"https:\/\/www.eclip.ar\/puerto-madryn\/\"},{\"@type\":\"ListItem\",\"position\":2,\"name\":\"Productos\",\"item\":\"https:\/\/www.eclip.ar\/puerto-madryn\/tienda\/\"},{\"@type\":\"ListItem\",\"position\":3,\"name\":\"Mouse Genius NX-7000 &#8211; Mouse inal\u00e1mbrico\"}]},{\"@type\":\"WebSite\",\"@id\":\"https:\/\/www.eclip.ar\/puerto-madryn\/#website\",\"url\":\"https:\/\/www.eclip.ar\/puerto-madryn\/\",\"name\":\"eclip\",\"description\":\"Libreria - Tecnolog\u00eda\",\"publisher\":{\"@id\":\"https:\/\/www.eclip.ar\/puerto-madryn\/#organization\"},\"potentialAction\":[{\"@type\":\"SearchAction\",\"target\":{\"@type\":\"EntryPoint\",\"urlTemplate\":\"https:\/\/www.eclip.ar\/puerto-madryn\/?s={search_term_string}\"},\"query-input\":{\"@type\":\"PropertyValueSpecification\",\"valueRequired\":true,\"valueName\":\"search_term_string\"}}],\"inLanguage\":\"es\"},{\"@type\":[\"Organization\",\"Place\"],\"@id\":\"https:\/\/www.eclip.ar\/puerto-madryn\/#organization\",\"name\":\"eclip - puerto madryn\",\"url\":\"https:\/\/www.eclip.ar\/puerto-madryn\/\",\"logo\":{\"@id\":\"https:\/\/www.eclip.ar\/puerto-madryn\/producto\/mouse-genius-nx-7000\/#local-main-organization-logo\"},\"image\":{\"@id\":\"https:\/\/www.eclip.ar\/puerto-madryn\/producto\/mouse-genius-nx-7000\/#local-main-organization-logo\"},\"description\":\"Empresa de Puerto Madryn dedicada a la venta de productos tecnol\u00f3gicos como routers, pendrives y accesorios, con entregas locales y atenci\u00f3n personalizada v\u00eda WhatsApp.\",\"legalName\":\"eclip\",\"address\":{\"@id\":\"https:\/\/www.eclip.ar\/puerto-madryn\/producto\/mouse-genius-nx-7000\/#local-main-place-address\"},\"telephone\":[\"2804706994\"],\"contactPoint\":{\"@type\":\"ContactPoint\",\"telephone\":\"2804706994\"},\"openingHoursSpecification\":[{\"@type\":\"OpeningHoursSpecification\",\"dayOfWeek\":[\"Monday\",\"Tuesday\",\"Wednesday\",\"Thursday\",\"Friday\",\"Saturday\",\"Sunday\"],\"opens\":\"09:00\",\"closes\":\"21:00\"}]},{\"@type\":\"PostalAddress\",\"@id\":\"https:\/\/www.eclip.ar\/puerto-madryn\/producto\/mouse-genius-nx-7000\/#local-main-place-address\",\"streetAddress\":\"Calle Marzullo 661\",\"addressLocality\":\"Puerto Madryn\",\"postalCode\":\"9120\",\"addressRegion\":\"Chubut\",\"addressCountry\":\"AR\"},{\"@type\":\"ImageObject\",\"inLanguage\":\"es\",\"@id\":\"https:\/\/www.eclip.ar\/puerto-madryn\/producto\/mouse-genius-nx-7000\/#local-main-organization-logo\",\"url\":\"https:\/\/www.eclip.ar\/puerto-madryn\/wp-content\/uploads\/2024\/09\/logos_eclip.jpg\",\"contentUrl\":\"https:\/\/www.eclip.ar\/puerto-madryn\/wp-content\/uploads\/2024\/09\/logos_eclip.jpg\",\"width\":1280,\"height\":1280,\"caption\":\"eclip - puerto madryn\"}]}<\/script>\n<meta property=\"product:price:amount\" content=\"12500\" \/>\n<meta property=\"product:price:currency\" content=\"ARS\" \/>\n<meta property=\"og:availability\" content=\"instock\" \/>\n<meta property=\"product:availability\" content=\"instock\" \/>\n<meta property=\"product:retailer_item_id\" content=\"16963\" \/>\n<meta property=\"product:condition\" content=\"new\" \/>\n<meta name=\"geo.placename\" content=\"Puerto Madryn\" \/>\n<meta name=\"geo.region\" content=\"Argentina\" \/>\n<!-- \/ Yoast SEO Premium plugin. -->","yoast_head_json":{"title":"Mouse Genius NX-7000 - Mouse inal\u00e1mbrico - eclip - Puerto Madryn","description":"Los mejores productos de tecnolog\u00eda en Puerto Madryn \ud83d\ude80 Desde pendrives, routers, y accesorios Explora y descubre lo \u00faltimo en tecnolog\u00eda \ud83d\udcf1\ud83d\udcbb\ud83d\udd0c","robots":{"index":"index","follow":"follow","max-snippet":"max-snippet:-1","max-image-preview":"max-image-preview:large","max-video-preview":"max-video-preview:-1"},"canonical":"https:\/\/www.eclip.ar\/puerto-madryn\/producto\/mouse-genius-nx-7000\/","og_locale":"es_ES","og_type":"article","og_title":"Mouse Genius NX-7000 - Mouse inal\u00e1mbrico - Compra Ahora - Envio a domicilio","og_description":"Todos los productos en tu ciudad \ud83d\udd25\ud83d\udd25\ud83d\udd25","og_url":"https:\/\/www.eclip.ar\/puerto-madryn\/producto\/mouse-genius-nx-7000\/","og_site_name":"eclip","article_modified_time":"2025-10-01T16:01:22+00:00","og_image":[{"width":500,"height":500,"url":"https:\/\/www.eclip.ar\/puerto-madryn\/wp-content\/uploads\/2024\/04\/17041.jpg","type":"image\/jpeg"}],"twitter_card":"summary_large_image","twitter_misc":{"Precio":"&#36;&nbsp;12.500","Availability":"In stock"},"schema":{"@context":"https:\/\/schema.org","@graph":[{"@type":"WebPage","@id":"https:\/\/www.eclip.ar\/puerto-madryn\/producto\/mouse-genius-nx-7000\/","url":"https:\/\/www.eclip.ar\/puerto-madryn\/producto\/mouse-genius-nx-7000\/","name":"Mouse Genius NX-7000 - Mouse inal\u00e1mbrico - eclip - Puerto Madryn","isPartOf":{"@id":"https:\/\/www.eclip.ar\/puerto-madryn\/#website"},"primaryImageOfPage":{"@id":"https:\/\/www.eclip.ar\/puerto-madryn\/producto\/mouse-genius-nx-7000\/#primaryimage"},"image":{"@id":"https:\/\/www.eclip.ar\/puerto-madryn\/producto\/mouse-genius-nx-7000\/#primaryimage"},"thumbnailUrl":"https:\/\/www.eclip.ar\/puerto-madryn\/wp-content\/uploads\/2024\/04\/17041.jpg","datePublished":"2024-04-08T18:46:56+00:00","dateModified":"2025-10-01T16:01:22+00:00","description":"Los mejores productos de tecnolog\u00eda en Puerto Madryn \ud83d\ude80 Desde pendrives, routers, y accesorios Explora y descubre lo \u00faltimo en tecnolog\u00eda \ud83d\udcf1\ud83d\udcbb\ud83d\udd0c","breadcrumb":{"@id":"https:\/\/www.eclip.ar\/puerto-madryn\/producto\/mouse-genius-nx-7000\/#breadcrumb"},"inLanguage":"es","potentialAction":[{"@type":"ReadAction","target":["https:\/\/www.eclip.ar\/puerto-madryn\/producto\/mouse-genius-nx-7000\/"]}]},{"@type":"ImageObject","inLanguage":"es","@id":"https:\/\/www.eclip.ar\/puerto-madryn\/producto\/mouse-genius-nx-7000\/#primaryimage","url":"https:\/\/www.eclip.ar\/puerto-madryn\/wp-content\/uploads\/2024\/04\/17041.jpg","contentUrl":"https:\/\/www.eclip.ar\/puerto-madryn\/wp-content\/uploads\/2024\/04\/17041.jpg","width":500,"height":500},{"@type":"BreadcrumbList","@id":"https:\/\/www.eclip.ar\/puerto-madryn\/producto\/mouse-genius-nx-7000\/#breadcrumb","itemListElement":[{"@type":"ListItem","position":1,"name":"Inicio","item":"https:\/\/www.eclip.ar\/puerto-madryn\/"},{"@type":"ListItem","position":2,"name":"Productos","item":"https:\/\/www.eclip.ar\/puerto-madryn\/tienda\/"},{"@type":"ListItem","position":3,"name":"Mouse Genius NX-7000 &#8211; Mouse inal\u00e1mbrico"}]},{"@type":"WebSite","@id":"https:\/\/www.eclip.ar\/puerto-madryn\/#website","url":"https:\/\/www.eclip.ar\/puerto-madryn\/","name":"eclip","description":"Libreria - Tecnolog\u00eda","publisher":{"@id":"https:\/\/www.eclip.ar\/puerto-madryn\/#organization"},"potentialAction":[{"@type":"SearchAction","target":{"@type":"EntryPoint","urlTemplate":"https:\/\/www.eclip.ar\/puerto-madryn\/?s={search_term_string}"},"query-input":{"@type":"PropertyValueSpecification","valueRequired":true,"valueName":"search_term_string"}}],"inLanguage":"es"},{"@type":["Organization","Place"],"@id":"https:\/\/www.eclip.ar\/puerto-madryn\/#organization","name":"eclip - puerto madryn","url":"https:\/\/www.eclip.ar\/puerto-madryn\/","logo":{"@id":"https:\/\/www.eclip.ar\/puerto-madryn\/producto\/mouse-genius-nx-7000\/#local-main-organization-logo"},"image":{"@id":"https:\/\/www.eclip.ar\/puerto-madryn\/producto\/mouse-genius-nx-7000\/#local-main-organization-logo"},"description":"Empresa de Puerto Madryn dedicada a la venta de productos tecnol\u00f3gicos como routers, pendrives y accesorios, con entregas locales y atenci\u00f3n personalizada v\u00eda WhatsApp.","legalName":"eclip","address":{"@id":"https:\/\/www.eclip.ar\/puerto-madryn\/producto\/mouse-genius-nx-7000\/#local-main-place-address"},"telephone":["2804706994"],"contactPoint":{"@type":"ContactPoint","telephone":"2804706994"},"openingHoursSpecification":[{"@type":"OpeningHoursSpecification","dayOfWeek":["Monday","Tuesday","Wednesday","Thursday","Friday","Saturday","Sunday"],"opens":"09:00","closes":"21:00"}]},{"@type":"PostalAddress","@id":"https:\/\/www.eclip.ar\/puerto-madryn\/producto\/mouse-genius-nx-7000\/#local-main-place-address","streetAddress":"Calle Marzullo 661","addressLocality":"Puerto Madryn","postalCode":"9120","addressRegion":"Chubut","addressCountry":"AR"},{"@type":"ImageObject","inLanguage":"es","@id":"https:\/\/www.eclip.ar\/puerto-madryn\/producto\/mouse-genius-nx-7000\/#local-main-organization-logo","url":"https:\/\/www.eclip.ar\/puerto-madryn\/wp-content\/uploads\/2024\/09\/logos_eclip.jpg","contentUrl":"https:\/\/www.eclip.ar\/puerto-madryn\/wp-content\/uploads\/2024\/09\/logos_eclip.jpg","width":1280,"height":1280,"caption":"eclip - puerto madryn"}]},"product_price_amount":"12500","product_price_currency":"ARS","og_availability":"instock","product_availability":"instock","product_retailer_item_id":"16963","product_condition":"new","geo.placename":"Puerto Madryn","geo.region":"Argentina"},"_links":{"self":[{"href":"https:\/\/www.eclip.ar\/puerto-madryn\/wp-json\/wp\/v2\/product\/1276","targetHints":{"allow":["GET"]}}],"collection":[{"href":"https:\/\/www.eclip.ar\/puerto-madryn\/wp-json\/wp\/v2\/product"}],"about":[{"href":"https:\/\/www.eclip.ar\/puerto-madryn\/wp-json\/wp\/v2\/types\/product"}],"wp:featuredmedia":[{"embeddable":true,"href":"https:\/\/www.eclip.ar\/puerto-madryn\/wp-json\/wp\/v2\/media\/2455"}],"wp:attachment":[{"href":"https:\/\/www.eclip.ar\/puerto-madryn\/wp-json\/wp\/v2\/media?parent=1276"}],"wp:term":[{"taxonomy":"product_cat","embeddable":true,"href":"https:\/\/www.eclip.ar\/puerto-madryn\/wp-json\/wp\/v2\/product_cat?post=1276"},{"taxonomy":"product_tag","embeddable":true,"href":"https:\/\/www.eclip.ar\/puerto-madryn\/wp-json\/wp\/v2\/product_tag?post=1276"}],"curies":[{"name":"wp","href":"https:\/\/api.w.org\/{rel}","templated":true}]}}