{"id":1017,"date":"2024-04-03T12:50:30","date_gmt":"2024-04-03T15:50:30","guid":{"rendered":"https:\/\/www.eclip.ar\/puerto-madryn\/?post_type=product&#038;p=1017"},"modified":"2025-09-22T20:28:29","modified_gmt":"2025-09-22T23:28:29","slug":"pen-drive-32gb-verbatim-slider","status":"publish","type":"product","link":"https:\/\/www.eclip.ar\/puerto-madryn\/producto\/pen-drive-32gb-verbatim-slider\/","title":{"rendered":"Pen Drive 32GB Verbatim Slider &#8211; Almacenamiento compacto con slider"},"content":{"rendered":"<p>Durante m\u00e1s de 50 a\u00f1os, Verbatim se ha enfocado en construir un futuro que integre perfectamente la tecnolog\u00eda en formas que mejoren c\u00f3mo viven, trabajan y disfrutan las personas de todo el mundo. Esta marca realiza un gran esfuerzo para disminuir el impacto ambiental por lo que constantemente da a conocer nuevos embalajes de tarjetas de memoria y unidades USB. Con dise\u00f1os innovadores y de tama\u00f1o peque\u00f1o los dispositivos Verbatim son la soluci\u00f3n de almacenamiento perfecta para todo tipo de usuarios.<\/p>\n<p>Capacidad adaptada a tus requerimientos<br \/>\nEste pendrive te permitir\u00e1 almacenar hasta 32 GB para que puedas guardar gran cantidad de informaci\u00f3n, im\u00e1genes u otros tipos de archivos.<\/p>\n<p>M\u00e1s seguro y pr\u00e1ctico<br \/>\nCon este dispositivo podr\u00e1s mantener tus archivos siempre protegidos. Adem\u00e1s su uso es muy pr\u00e1ctico: solo debes conectarlo al aparato y arrastrar los archivos hasta la unidad.<\/p>\n<p>Llevalo siempre con vos<br \/>\nCuenta con un dise\u00f1o super compacto, delgado y resistente para que puedas llevarlo adonde vayas. \u00a1Podr\u00e1s usarlo y transportarlo con facilidad cuando te muevas de un lado al otro!<\/p>\n<p>&nbsp;<\/p>\n<p>&nbsp;<\/p>\n","protected":false},"excerpt":{"rendered":"<p>Memoria USB de 32GB con dise\u00f1o slider para protecci\u00f3n. USB 2.0, f\u00e1cil de llevar.<\/p>\n","protected":false},"featured_media":3322,"template":"","meta":{"_joinchat":[]},"product_cat":[22],"product_tag":[],"class_list":{"0":"post-1017","1":"product","2":"type-product","3":"status-publish","4":"has-post-thumbnail","6":"product_cat-pendrive","8":"first","9":"outofstock","10":"shipping-taxable","11":"purchasable","12":"product-type-simple","13":"col-xs-6 col-sm-4","14":"col-md-4 col-lg-4","15":"un-3-cols"},"yoast_head":"<!-- This site is optimized with the Yoast SEO Premium plugin v22.7 (Yoast SEO v26.8) - https:\/\/yoast.com\/product\/yoast-seo-premium-wordpress\/ -->\n<title>Pen Drive 32GB Verbatim Slider - Almacenamiento compacto con slider - eclip - Puerto Madryn<\/title>\n<meta name=\"description\" content=\"Los mejores productos de tecnolog\u00eda en Puerto Madryn \ud83d\ude80 Desde pendrives, routers, y accesorios Explora y descubre lo \u00faltimo en tecnolog\u00eda \ud83d\udcf1\ud83d\udcbb\ud83d\udd0c\" \/>\n<meta name=\"robots\" content=\"index, follow, max-snippet:-1, max-image-preview:large, max-video-preview:-1\" \/>\n<link rel=\"canonical\" href=\"https:\/\/www.eclip.ar\/puerto-madryn\/producto\/pen-drive-32gb-verbatim-slider\/\" \/>\n<meta property=\"og:locale\" content=\"es_ES\" \/>\n<meta property=\"og:type\" content=\"article\" \/>\n<meta property=\"og:title\" content=\"Pen Drive 32GB Verbatim Slider - Almacenamiento compacto con slider - Compra Ahora - Envio a domicilio\" \/>\n<meta property=\"og:description\" content=\"Todos los productos en tu ciudad \ud83d\udd25\ud83d\udd25\ud83d\udd25\" \/>\n<meta property=\"og:url\" content=\"https:\/\/www.eclip.ar\/puerto-madryn\/producto\/pen-drive-32gb-verbatim-slider\/\" \/>\n<meta property=\"og:site_name\" content=\"eclip\" \/>\n<meta property=\"article:modified_time\" content=\"2025-09-22T23:28:29+00:00\" \/>\n<meta name=\"twitter:card\" content=\"summary_large_image\" \/>\n<meta name=\"twitter:label1\" content=\"Precio\" \/>\n\t<meta name=\"twitter:data1\" content=\"&#036;&nbsp;14.100\" \/>\n\t<meta name=\"twitter:label2\" content=\"Availability\" \/>\n\t<meta name=\"twitter:data2\" content=\"Out of stock\" \/>\n<script type=\"application\/ld+json\" class=\"yoast-schema-graph\">{\"@context\":\"https:\/\/schema.org\",\"@graph\":[{\"@type\":\"WebPage\",\"@id\":\"https:\/\/www.eclip.ar\/puerto-madryn\/producto\/pen-drive-32gb-verbatim-slider\/\",\"url\":\"https:\/\/www.eclip.ar\/puerto-madryn\/producto\/pen-drive-32gb-verbatim-slider\/\",\"name\":\"Pen Drive 32GB Verbatim Slider - Almacenamiento compacto con slider - eclip - Puerto Madryn\",\"isPartOf\":{\"@id\":\"https:\/\/www.eclip.ar\/puerto-madryn\/#website\"},\"primaryImageOfPage\":{\"@id\":\"https:\/\/www.eclip.ar\/puerto-madryn\/producto\/pen-drive-32gb-verbatim-slider\/#primaryimage\"},\"image\":{\"@id\":\"https:\/\/www.eclip.ar\/puerto-madryn\/producto\/pen-drive-32gb-verbatim-slider\/#primaryimage\"},\"thumbnailUrl\":\"https:\/\/www.eclip.ar\/puerto-madryn\/wp-content\/uploads\/2025\/09\/15753.jpg\",\"datePublished\":\"2024-04-03T15:50:30+00:00\",\"dateModified\":\"2025-09-22T23:28:29+00:00\",\"description\":\"Los mejores productos de tecnolog\u00eda en Puerto Madryn \ud83d\ude80 Desde pendrives, routers, y accesorios Explora y descubre lo \u00faltimo en tecnolog\u00eda \ud83d\udcf1\ud83d\udcbb\ud83d\udd0c\",\"breadcrumb\":{\"@id\":\"https:\/\/www.eclip.ar\/puerto-madryn\/producto\/pen-drive-32gb-verbatim-slider\/#breadcrumb\"},\"inLanguage\":\"es\",\"potentialAction\":[{\"@type\":\"ReadAction\",\"target\":[\"https:\/\/www.eclip.ar\/puerto-madryn\/producto\/pen-drive-32gb-verbatim-slider\/\"]}]},{\"@type\":\"ImageObject\",\"inLanguage\":\"es\",\"@id\":\"https:\/\/www.eclip.ar\/puerto-madryn\/producto\/pen-drive-32gb-verbatim-slider\/#primaryimage\",\"url\":\"https:\/\/www.eclip.ar\/puerto-madryn\/wp-content\/uploads\/2025\/09\/15753.jpg\",\"contentUrl\":\"https:\/\/www.eclip.ar\/puerto-madryn\/wp-content\/uploads\/2025\/09\/15753.jpg\",\"width\":1200,\"height\":1200},{\"@type\":\"BreadcrumbList\",\"@id\":\"https:\/\/www.eclip.ar\/puerto-madryn\/producto\/pen-drive-32gb-verbatim-slider\/#breadcrumb\",\"itemListElement\":[{\"@type\":\"ListItem\",\"position\":1,\"name\":\"Inicio\",\"item\":\"https:\/\/www.eclip.ar\/puerto-madryn\/\"},{\"@type\":\"ListItem\",\"position\":2,\"name\":\"Productos\",\"item\":\"https:\/\/www.eclip.ar\/puerto-madryn\/tienda\/\"},{\"@type\":\"ListItem\",\"position\":3,\"name\":\"Pen Drive 32GB Verbatim Slider &#8211; Almacenamiento compacto con slider\"}]},{\"@type\":\"WebSite\",\"@id\":\"https:\/\/www.eclip.ar\/puerto-madryn\/#website\",\"url\":\"https:\/\/www.eclip.ar\/puerto-madryn\/\",\"name\":\"eclip\",\"description\":\"Libreria - Tecnolog\u00eda\",\"publisher\":{\"@id\":\"https:\/\/www.eclip.ar\/puerto-madryn\/#organization\"},\"potentialAction\":[{\"@type\":\"SearchAction\",\"target\":{\"@type\":\"EntryPoint\",\"urlTemplate\":\"https:\/\/www.eclip.ar\/puerto-madryn\/?s={search_term_string}\"},\"query-input\":{\"@type\":\"PropertyValueSpecification\",\"valueRequired\":true,\"valueName\":\"search_term_string\"}}],\"inLanguage\":\"es\"},{\"@type\":[\"Organization\",\"Place\"],\"@id\":\"https:\/\/www.eclip.ar\/puerto-madryn\/#organization\",\"name\":\"eclip - puerto madryn\",\"url\":\"https:\/\/www.eclip.ar\/puerto-madryn\/\",\"logo\":{\"@id\":\"https:\/\/www.eclip.ar\/puerto-madryn\/producto\/pen-drive-32gb-verbatim-slider\/#local-main-organization-logo\"},\"image\":{\"@id\":\"https:\/\/www.eclip.ar\/puerto-madryn\/producto\/pen-drive-32gb-verbatim-slider\/#local-main-organization-logo\"},\"description\":\"Empresa de Puerto Madryn dedicada a la venta de productos tecnol\u00f3gicos como routers, pendrives y accesorios, con entregas locales y atenci\u00f3n personalizada v\u00eda WhatsApp.\",\"legalName\":\"eclip\",\"address\":{\"@id\":\"https:\/\/www.eclip.ar\/puerto-madryn\/producto\/pen-drive-32gb-verbatim-slider\/#local-main-place-address\"},\"telephone\":[\"2804706994\"],\"contactPoint\":{\"@type\":\"ContactPoint\",\"telephone\":\"2804706994\"},\"openingHoursSpecification\":[{\"@type\":\"OpeningHoursSpecification\",\"dayOfWeek\":[\"Monday\",\"Tuesday\",\"Wednesday\",\"Thursday\",\"Friday\",\"Saturday\",\"Sunday\"],\"opens\":\"09:00\",\"closes\":\"21:00\"}]},{\"@type\":\"PostalAddress\",\"@id\":\"https:\/\/www.eclip.ar\/puerto-madryn\/producto\/pen-drive-32gb-verbatim-slider\/#local-main-place-address\",\"streetAddress\":\"Calle Marzullo 661\",\"addressLocality\":\"Puerto Madryn\",\"postalCode\":\"9120\",\"addressRegion\":\"Chubut\",\"addressCountry\":\"AR\"},{\"@type\":\"ImageObject\",\"inLanguage\":\"es\",\"@id\":\"https:\/\/www.eclip.ar\/puerto-madryn\/producto\/pen-drive-32gb-verbatim-slider\/#local-main-organization-logo\",\"url\":\"https:\/\/www.eclip.ar\/puerto-madryn\/wp-content\/uploads\/2024\/09\/logos_eclip.jpg\",\"contentUrl\":\"https:\/\/www.eclip.ar\/puerto-madryn\/wp-content\/uploads\/2024\/09\/logos_eclip.jpg\",\"width\":1280,\"height\":1280,\"caption\":\"eclip - puerto madryn\"}]}<\/script>\n<meta property=\"product:price:amount\" content=\"14100\" \/>\n<meta property=\"product:price:currency\" content=\"ARS\" \/>\n<meta property=\"og:availability\" content=\"out of stock\" \/>\n<meta property=\"product:availability\" content=\"out of stock\" \/>\n<meta property=\"product:retailer_item_id\" content=\"15753\" \/>\n<meta property=\"product:condition\" content=\"new\" \/>\n<meta name=\"geo.placename\" content=\"Puerto Madryn\" \/>\n<meta name=\"geo.region\" content=\"Argentina\" \/>\n<!-- \/ Yoast SEO Premium plugin. -->","yoast_head_json":{"title":"Pen Drive 32GB Verbatim Slider - Almacenamiento compacto con slider - eclip - Puerto Madryn","description":"Los mejores productos de tecnolog\u00eda en Puerto Madryn \ud83d\ude80 Desde pendrives, routers, y accesorios Explora y descubre lo \u00faltimo en tecnolog\u00eda \ud83d\udcf1\ud83d\udcbb\ud83d\udd0c","robots":{"index":"index","follow":"follow","max-snippet":"max-snippet:-1","max-image-preview":"max-image-preview:large","max-video-preview":"max-video-preview:-1"},"canonical":"https:\/\/www.eclip.ar\/puerto-madryn\/producto\/pen-drive-32gb-verbatim-slider\/","og_locale":"es_ES","og_type":"article","og_title":"Pen Drive 32GB Verbatim Slider - Almacenamiento compacto con slider - Compra Ahora - Envio a domicilio","og_description":"Todos los productos en tu ciudad \ud83d\udd25\ud83d\udd25\ud83d\udd25","og_url":"https:\/\/www.eclip.ar\/puerto-madryn\/producto\/pen-drive-32gb-verbatim-slider\/","og_site_name":"eclip","article_modified_time":"2025-09-22T23:28:29+00:00","twitter_card":"summary_large_image","twitter_misc":{"Precio":"&#36;&nbsp;14.100","Availability":"Out of stock"},"schema":{"@context":"https:\/\/schema.org","@graph":[{"@type":"WebPage","@id":"https:\/\/www.eclip.ar\/puerto-madryn\/producto\/pen-drive-32gb-verbatim-slider\/","url":"https:\/\/www.eclip.ar\/puerto-madryn\/producto\/pen-drive-32gb-verbatim-slider\/","name":"Pen Drive 32GB Verbatim Slider - Almacenamiento compacto con slider - eclip - Puerto Madryn","isPartOf":{"@id":"https:\/\/www.eclip.ar\/puerto-madryn\/#website"},"primaryImageOfPage":{"@id":"https:\/\/www.eclip.ar\/puerto-madryn\/producto\/pen-drive-32gb-verbatim-slider\/#primaryimage"},"image":{"@id":"https:\/\/www.eclip.ar\/puerto-madryn\/producto\/pen-drive-32gb-verbatim-slider\/#primaryimage"},"thumbnailUrl":"https:\/\/www.eclip.ar\/puerto-madryn\/wp-content\/uploads\/2025\/09\/15753.jpg","datePublished":"2024-04-03T15:50:30+00:00","dateModified":"2025-09-22T23:28:29+00:00","description":"Los mejores productos de tecnolog\u00eda en Puerto Madryn \ud83d\ude80 Desde pendrives, routers, y accesorios Explora y descubre lo \u00faltimo en tecnolog\u00eda \ud83d\udcf1\ud83d\udcbb\ud83d\udd0c","breadcrumb":{"@id":"https:\/\/www.eclip.ar\/puerto-madryn\/producto\/pen-drive-32gb-verbatim-slider\/#breadcrumb"},"inLanguage":"es","potentialAction":[{"@type":"ReadAction","target":["https:\/\/www.eclip.ar\/puerto-madryn\/producto\/pen-drive-32gb-verbatim-slider\/"]}]},{"@type":"ImageObject","inLanguage":"es","@id":"https:\/\/www.eclip.ar\/puerto-madryn\/producto\/pen-drive-32gb-verbatim-slider\/#primaryimage","url":"https:\/\/www.eclip.ar\/puerto-madryn\/wp-content\/uploads\/2025\/09\/15753.jpg","contentUrl":"https:\/\/www.eclip.ar\/puerto-madryn\/wp-content\/uploads\/2025\/09\/15753.jpg","width":1200,"height":1200},{"@type":"BreadcrumbList","@id":"https:\/\/www.eclip.ar\/puerto-madryn\/producto\/pen-drive-32gb-verbatim-slider\/#breadcrumb","itemListElement":[{"@type":"ListItem","position":1,"name":"Inicio","item":"https:\/\/www.eclip.ar\/puerto-madryn\/"},{"@type":"ListItem","position":2,"name":"Productos","item":"https:\/\/www.eclip.ar\/puerto-madryn\/tienda\/"},{"@type":"ListItem","position":3,"name":"Pen Drive 32GB Verbatim Slider &#8211; Almacenamiento compacto con slider"}]},{"@type":"WebSite","@id":"https:\/\/www.eclip.ar\/puerto-madryn\/#website","url":"https:\/\/www.eclip.ar\/puerto-madryn\/","name":"eclip","description":"Libreria - Tecnolog\u00eda","publisher":{"@id":"https:\/\/www.eclip.ar\/puerto-madryn\/#organization"},"potentialAction":[{"@type":"SearchAction","target":{"@type":"EntryPoint","urlTemplate":"https:\/\/www.eclip.ar\/puerto-madryn\/?s={search_term_string}"},"query-input":{"@type":"PropertyValueSpecification","valueRequired":true,"valueName":"search_term_string"}}],"inLanguage":"es"},{"@type":["Organization","Place"],"@id":"https:\/\/www.eclip.ar\/puerto-madryn\/#organization","name":"eclip - puerto madryn","url":"https:\/\/www.eclip.ar\/puerto-madryn\/","logo":{"@id":"https:\/\/www.eclip.ar\/puerto-madryn\/producto\/pen-drive-32gb-verbatim-slider\/#local-main-organization-logo"},"image":{"@id":"https:\/\/www.eclip.ar\/puerto-madryn\/producto\/pen-drive-32gb-verbatim-slider\/#local-main-organization-logo"},"description":"Empresa de Puerto Madryn dedicada a la venta de productos tecnol\u00f3gicos como routers, pendrives y accesorios, con entregas locales y atenci\u00f3n personalizada v\u00eda WhatsApp.","legalName":"eclip","address":{"@id":"https:\/\/www.eclip.ar\/puerto-madryn\/producto\/pen-drive-32gb-verbatim-slider\/#local-main-place-address"},"telephone":["2804706994"],"contactPoint":{"@type":"ContactPoint","telephone":"2804706994"},"openingHoursSpecification":[{"@type":"OpeningHoursSpecification","dayOfWeek":["Monday","Tuesday","Wednesday","Thursday","Friday","Saturday","Sunday"],"opens":"09:00","closes":"21:00"}]},{"@type":"PostalAddress","@id":"https:\/\/www.eclip.ar\/puerto-madryn\/producto\/pen-drive-32gb-verbatim-slider\/#local-main-place-address","streetAddress":"Calle Marzullo 661","addressLocality":"Puerto Madryn","postalCode":"9120","addressRegion":"Chubut","addressCountry":"AR"},{"@type":"ImageObject","inLanguage":"es","@id":"https:\/\/www.eclip.ar\/puerto-madryn\/producto\/pen-drive-32gb-verbatim-slider\/#local-main-organization-logo","url":"https:\/\/www.eclip.ar\/puerto-madryn\/wp-content\/uploads\/2024\/09\/logos_eclip.jpg","contentUrl":"https:\/\/www.eclip.ar\/puerto-madryn\/wp-content\/uploads\/2024\/09\/logos_eclip.jpg","width":1280,"height":1280,"caption":"eclip - puerto madryn"}]},"product_price_amount":"14100","product_price_currency":"ARS","og_availability":"out of stock","product_availability":"out of stock","product_retailer_item_id":"15753","product_condition":"new","geo.placename":"Puerto Madryn","geo.region":"Argentina"},"_links":{"self":[{"href":"https:\/\/www.eclip.ar\/puerto-madryn\/wp-json\/wp\/v2\/product\/1017","targetHints":{"allow":["GET"]}}],"collection":[{"href":"https:\/\/www.eclip.ar\/puerto-madryn\/wp-json\/wp\/v2\/product"}],"about":[{"href":"https:\/\/www.eclip.ar\/puerto-madryn\/wp-json\/wp\/v2\/types\/product"}],"wp:featuredmedia":[{"embeddable":true,"href":"https:\/\/www.eclip.ar\/puerto-madryn\/wp-json\/wp\/v2\/media\/3322"}],"wp:attachment":[{"href":"https:\/\/www.eclip.ar\/puerto-madryn\/wp-json\/wp\/v2\/media?parent=1017"}],"wp:term":[{"taxonomy":"product_cat","embeddable":true,"href":"https:\/\/www.eclip.ar\/puerto-madryn\/wp-json\/wp\/v2\/product_cat?post=1017"},{"taxonomy":"product_tag","embeddable":true,"href":"https:\/\/www.eclip.ar\/puerto-madryn\/wp-json\/wp\/v2\/product_tag?post=1017"}],"curies":[{"name":"wp","href":"https:\/\/api.w.org\/{rel}","templated":true}]}}