{"id":2769,"date":"2024-10-11T10:39:08","date_gmt":"2024-10-11T13:39:08","guid":{"rendered":"https:\/\/www.eclip.ar\/puerto-madryn\/?page_id=2769"},"modified":"2024-10-11T11:29:40","modified_gmt":"2024-10-11T14:29:40","slug":"chatea-con-eclip","status":"publish","type":"page","link":"https:\/\/www.eclip.ar\/puerto-madryn\/chatea-con-eclip\/","title":{"rendered":"Chatea con eclip"},"content":{"rendered":"<!DOCTYPE html>\n<html lang=\"es\">\n<head>\n  <meta charset=\"UTF-8\">\n  <meta name=\"viewport\" content=\"width=device-width, initial-scale=1.0\">\n  <title>Consulta a trav\u00e9s de WhatsApp<\/title>\n  <style>\n    body {\n      font-family: Arial, sans-serif;\n      display: flex;\n      justify-content: center;\n      align-items: center;\n      height: 100vh;\n      margin: 0;\n      background-color: #f4f4f4;\n    }\n\n    \/* Ajustes para centrar y expandir la chat-box *\/\n    .chat-box {\n      width: 80%; \/* Ocupa el 80% del ancho de la p\u00e1gina *\/\n      max-width: 800px; \/* Ancho m\u00e1ximo para evitar que se estire demasiado *\/\n      background-color: #ffffff;\n      border: 1px solid #ddd;\n      border-radius: 8px;\n      box-shadow: 0 4px 8px rgba(0, 0, 0, 0.1);\n      padding: 20px;\n      text-align: center;\n      margin: 0 auto; \/* Centra horizontalmente la caja *\/\n    }\n\n    .chat-box h2 {\n      margin-bottom: 20px;\n      font-size: 24px;\n      color: #333;\n    }\n\n    .chat-box textarea {\n      width: 100%;\n      height: 150px; \/* Altura aumentada para m\u00e1s espacio *\/\n      border: 1px solid #ddd;\n      border-radius: 5px;\n      padding: 10px;\n      font-size: 16px;\n      resize: none;\n      box-sizing: border-box;\n      margin-bottom: 20px;\n    }\n\n    .chat-box button {\n      background-color: #25d366;\n      color: white;\n      border: none;\n      padding: 15px 20px;\n      font-size: 18px;\n      border-radius: 5px;\n      cursor: pointer;\n      transition: background-color 0.3s ease;\n    }\n\n    .chat-box button:hover {\n      background-color: #20b858;\n    }\n\n    .message {\n      margin-top: 15px;\n      font-size: 16px;\n      color: #555;\n    }\n  <\/style>\n<\/head>\n<body>\n\n  <div class=\"chat-box\">\n    <h2>Realiza tu consulta<\/h2>\n    <textarea id=\"userQuery\" placeholder=\"Escribe tu consulta aqu\u00ed...\"><\/textarea>\n    <button onclick=\"sendWhatsAppMessage()\">Enviar a WhatsApp<\/button>\n    <div id=\"message\" class=\"message\"><\/div>\n  <\/div>\n\n  <script>\n    function sendWhatsAppMessage() {\n      \/\/ Captura el valor del mensaje ingresado por el usuario\n      const query = document.getElementById('userQuery').value;\n      \n      \/\/ N\u00famero de WhatsApp al cual se enviar\u00e1 el mensaje (tu n\u00famero)\n      const phoneNumber = \"5492804962624\";\n\n      if (query.trim() === \"\") {\n        \/\/ Si el mensaje est\u00e1 vac\u00edo, no hacer nada\n        document.getElementById('message').textContent = \"Por favor, ingresa un mensaje antes de enviar.\";\n        return;\n      }\n\n      \/\/ Construye la URL de WhatsApp con el mensaje\n      const whatsappURL = `https:\/\/wa.me\/${phoneNumber}?text=${encodeURIComponent(query)}`;\n\n      \/\/ Muestra un mensaje de espera al usuario\n      document.getElementById('message').textContent = \"Gracias por tu consulta. Por favor, espera mientras te respondemos.\";\n\n      \/\/ Redirige a WhatsApp con el mensaje ingresado\n      window.open(whatsappURL, \"_blank\");\n    }\n  <\/script>\n\n<\/body>\n<\/html>","protected":false},"excerpt":{"rendered":"<p>Consulta a trav\u00e9s de WhatsApp Realiza tu consulta Enviar a WhatsApp<\/p>\n","protected":false},"author":3,"featured_media":0,"parent":0,"menu_order":0,"comment_status":"closed","ping_status":"closed","template":"template-full-width.php","meta":{"_joinchat":[],"footnotes":""},"class_list":["post-2769","page","type-page","status-publish","hentry"],"yoast_head":"<!-- This site is optimized with the Yoast SEO Premium plugin v22.7 (Yoast SEO v26.8) - https:\/\/yoast.com\/product\/yoast-seo-premium-wordpress\/ -->\n<title>Chatea con eclip - eclip<\/title>\n<meta name=\"description\" content=\"Descubre nuestra librer\u00eda y productos tecnol\u00f3gicos en eclip.ar, Puerto Madryn.\" \/>\n<meta name=\"robots\" content=\"index, follow, max-snippet:-1, max-image-preview:large, max-video-preview:-1\" \/>\n<link rel=\"canonical\" href=\"https:\/\/www.eclip.ar\/puerto-madryn\/chatea-con-eclip\/\" \/>\n<meta property=\"og:locale\" content=\"es_ES\" \/>\n<meta property=\"og:type\" content=\"article\" \/>\n<meta property=\"og:title\" content=\"Chatea con eclip\" \/>\n<meta property=\"og:description\" content=\"Descubre nuestra librer\u00eda y productos tecnol\u00f3gicos en eclip.ar, Puerto Madryn.\" \/>\n<meta property=\"og:url\" content=\"https:\/\/www.eclip.ar\/puerto-madryn\/chatea-con-eclip\/\" \/>\n<meta property=\"og:site_name\" content=\"eclip\" \/>\n<meta property=\"article:modified_time\" content=\"2024-10-11T14:29:40+00:00\" \/>\n<meta name=\"twitter:card\" content=\"summary_large_image\" \/>\n<meta name=\"twitter:label1\" content=\"Tiempo de lectura\" \/>\n\t<meta name=\"twitter:data1\" content=\"1 minuto\" \/>\n<script type=\"application\/ld+json\" class=\"yoast-schema-graph\">{\"@context\":\"https:\/\/schema.org\",\"@graph\":[{\"@type\":\"WebPage\",\"@id\":\"https:\/\/www.eclip.ar\/puerto-madryn\/chatea-con-eclip\/\",\"url\":\"https:\/\/www.eclip.ar\/puerto-madryn\/chatea-con-eclip\/\",\"name\":\"Chatea con eclip - eclip\",\"isPartOf\":{\"@id\":\"https:\/\/www.eclip.ar\/puerto-madryn\/#website\"},\"datePublished\":\"2024-10-11T13:39:08+00:00\",\"dateModified\":\"2024-10-11T14:29:40+00:00\",\"description\":\"Descubre nuestra librer\u00eda y productos tecnol\u00f3gicos en eclip.ar, Puerto Madryn.\",\"breadcrumb\":{\"@id\":\"https:\/\/www.eclip.ar\/puerto-madryn\/chatea-con-eclip\/#breadcrumb\"},\"inLanguage\":\"es\",\"potentialAction\":[{\"@type\":\"ReadAction\",\"target\":[\"https:\/\/www.eclip.ar\/puerto-madryn\/chatea-con-eclip\/\"]}]},{\"@type\":\"BreadcrumbList\",\"@id\":\"https:\/\/www.eclip.ar\/puerto-madryn\/chatea-con-eclip\/#breadcrumb\",\"itemListElement\":[{\"@type\":\"ListItem\",\"position\":1,\"name\":\"Inicio\",\"item\":\"https:\/\/www.eclip.ar\/puerto-madryn\/\"},{\"@type\":\"ListItem\",\"position\":2,\"name\":\"Chatea con eclip\"}]},{\"@type\":\"WebSite\",\"@id\":\"https:\/\/www.eclip.ar\/puerto-madryn\/#website\",\"url\":\"https:\/\/www.eclip.ar\/puerto-madryn\/\",\"name\":\"eclip\",\"description\":\"Libreria - Tecnolog\u00eda\",\"publisher\":{\"@id\":\"https:\/\/www.eclip.ar\/puerto-madryn\/#organization\"},\"potentialAction\":[{\"@type\":\"SearchAction\",\"target\":{\"@type\":\"EntryPoint\",\"urlTemplate\":\"https:\/\/www.eclip.ar\/puerto-madryn\/?s={search_term_string}\"},\"query-input\":{\"@type\":\"PropertyValueSpecification\",\"valueRequired\":true,\"valueName\":\"search_term_string\"}}],\"inLanguage\":\"es\"},{\"@type\":[\"Organization\",\"Place\"],\"@id\":\"https:\/\/www.eclip.ar\/puerto-madryn\/#organization\",\"name\":\"eclip - puerto madryn\",\"url\":\"https:\/\/www.eclip.ar\/puerto-madryn\/\",\"logo\":{\"@id\":\"https:\/\/www.eclip.ar\/puerto-madryn\/chatea-con-eclip\/#local-main-organization-logo\"},\"image\":{\"@id\":\"https:\/\/www.eclip.ar\/puerto-madryn\/chatea-con-eclip\/#local-main-organization-logo\"},\"description\":\"Empresa de Puerto Madryn dedicada a la venta de productos tecnol\u00f3gicos como routers, pendrives y accesorios, con entregas locales y atenci\u00f3n personalizada v\u00eda WhatsApp.\",\"legalName\":\"eclip\",\"address\":{\"@id\":\"https:\/\/www.eclip.ar\/puerto-madryn\/chatea-con-eclip\/#local-main-place-address\"},\"telephone\":[\"2804706994\"],\"contactPoint\":{\"@type\":\"ContactPoint\",\"telephone\":\"2804706994\"},\"openingHoursSpecification\":[{\"@type\":\"OpeningHoursSpecification\",\"dayOfWeek\":[\"Monday\",\"Tuesday\",\"Wednesday\",\"Thursday\",\"Friday\",\"Saturday\",\"Sunday\"],\"opens\":\"09:00\",\"closes\":\"21:00\"}]},{\"@type\":\"PostalAddress\",\"@id\":\"https:\/\/www.eclip.ar\/puerto-madryn\/chatea-con-eclip\/#local-main-place-address\",\"streetAddress\":\"Calle Marzullo 661\",\"addressLocality\":\"Puerto Madryn\",\"postalCode\":\"9120\",\"addressRegion\":\"Chubut\",\"addressCountry\":\"AR\"},{\"@type\":\"ImageObject\",\"inLanguage\":\"es\",\"@id\":\"https:\/\/www.eclip.ar\/puerto-madryn\/chatea-con-eclip\/#local-main-organization-logo\",\"url\":\"https:\/\/www.eclip.ar\/puerto-madryn\/wp-content\/uploads\/2024\/09\/logos_eclip.jpg\",\"contentUrl\":\"https:\/\/www.eclip.ar\/puerto-madryn\/wp-content\/uploads\/2024\/09\/logos_eclip.jpg\",\"width\":1280,\"height\":1280,\"caption\":\"eclip - puerto madryn\"}]}<\/script>\n<meta name=\"geo.placename\" content=\"Puerto Madryn\" \/>\n<meta name=\"geo.region\" content=\"Argentina\" \/>\n<!-- \/ Yoast SEO Premium plugin. -->","yoast_head_json":{"title":"Chatea con eclip - eclip","description":"Descubre nuestra librer\u00eda y productos tecnol\u00f3gicos en eclip.ar, Puerto Madryn.","robots":{"index":"index","follow":"follow","max-snippet":"max-snippet:-1","max-image-preview":"max-image-preview:large","max-video-preview":"max-video-preview:-1"},"canonical":"https:\/\/www.eclip.ar\/puerto-madryn\/chatea-con-eclip\/","og_locale":"es_ES","og_type":"article","og_title":"Chatea con eclip","og_description":"Descubre nuestra librer\u00eda y productos tecnol\u00f3gicos en eclip.ar, Puerto Madryn.","og_url":"https:\/\/www.eclip.ar\/puerto-madryn\/chatea-con-eclip\/","og_site_name":"eclip","article_modified_time":"2024-10-11T14:29:40+00:00","twitter_card":"summary_large_image","twitter_misc":{"Tiempo de lectura":"1 minuto"},"schema":{"@context":"https:\/\/schema.org","@graph":[{"@type":"WebPage","@id":"https:\/\/www.eclip.ar\/puerto-madryn\/chatea-con-eclip\/","url":"https:\/\/www.eclip.ar\/puerto-madryn\/chatea-con-eclip\/","name":"Chatea con eclip - eclip","isPartOf":{"@id":"https:\/\/www.eclip.ar\/puerto-madryn\/#website"},"datePublished":"2024-10-11T13:39:08+00:00","dateModified":"2024-10-11T14:29:40+00:00","description":"Descubre nuestra librer\u00eda y productos tecnol\u00f3gicos en eclip.ar, Puerto Madryn.","breadcrumb":{"@id":"https:\/\/www.eclip.ar\/puerto-madryn\/chatea-con-eclip\/#breadcrumb"},"inLanguage":"es","potentialAction":[{"@type":"ReadAction","target":["https:\/\/www.eclip.ar\/puerto-madryn\/chatea-con-eclip\/"]}]},{"@type":"BreadcrumbList","@id":"https:\/\/www.eclip.ar\/puerto-madryn\/chatea-con-eclip\/#breadcrumb","itemListElement":[{"@type":"ListItem","position":1,"name":"Inicio","item":"https:\/\/www.eclip.ar\/puerto-madryn\/"},{"@type":"ListItem","position":2,"name":"Chatea con eclip"}]},{"@type":"WebSite","@id":"https:\/\/www.eclip.ar\/puerto-madryn\/#website","url":"https:\/\/www.eclip.ar\/puerto-madryn\/","name":"eclip","description":"Libreria - Tecnolog\u00eda","publisher":{"@id":"https:\/\/www.eclip.ar\/puerto-madryn\/#organization"},"potentialAction":[{"@type":"SearchAction","target":{"@type":"EntryPoint","urlTemplate":"https:\/\/www.eclip.ar\/puerto-madryn\/?s={search_term_string}"},"query-input":{"@type":"PropertyValueSpecification","valueRequired":true,"valueName":"search_term_string"}}],"inLanguage":"es"},{"@type":["Organization","Place"],"@id":"https:\/\/www.eclip.ar\/puerto-madryn\/#organization","name":"eclip - puerto madryn","url":"https:\/\/www.eclip.ar\/puerto-madryn\/","logo":{"@id":"https:\/\/www.eclip.ar\/puerto-madryn\/chatea-con-eclip\/#local-main-organization-logo"},"image":{"@id":"https:\/\/www.eclip.ar\/puerto-madryn\/chatea-con-eclip\/#local-main-organization-logo"},"description":"Empresa de Puerto Madryn dedicada a la venta de productos tecnol\u00f3gicos como routers, pendrives y accesorios, con entregas locales y atenci\u00f3n personalizada v\u00eda WhatsApp.","legalName":"eclip","address":{"@id":"https:\/\/www.eclip.ar\/puerto-madryn\/chatea-con-eclip\/#local-main-place-address"},"telephone":["2804706994"],"contactPoint":{"@type":"ContactPoint","telephone":"2804706994"},"openingHoursSpecification":[{"@type":"OpeningHoursSpecification","dayOfWeek":["Monday","Tuesday","Wednesday","Thursday","Friday","Saturday","Sunday"],"opens":"09:00","closes":"21:00"}]},{"@type":"PostalAddress","@id":"https:\/\/www.eclip.ar\/puerto-madryn\/chatea-con-eclip\/#local-main-place-address","streetAddress":"Calle Marzullo 661","addressLocality":"Puerto Madryn","postalCode":"9120","addressRegion":"Chubut","addressCountry":"AR"},{"@type":"ImageObject","inLanguage":"es","@id":"https:\/\/www.eclip.ar\/puerto-madryn\/chatea-con-eclip\/#local-main-organization-logo","url":"https:\/\/www.eclip.ar\/puerto-madryn\/wp-content\/uploads\/2024\/09\/logos_eclip.jpg","contentUrl":"https:\/\/www.eclip.ar\/puerto-madryn\/wp-content\/uploads\/2024\/09\/logos_eclip.jpg","width":1280,"height":1280,"caption":"eclip - puerto madryn"}]},"geo.placename":"Puerto Madryn","geo.region":"Argentina"},"_links":{"self":[{"href":"https:\/\/www.eclip.ar\/puerto-madryn\/wp-json\/wp\/v2\/pages\/2769","targetHints":{"allow":["GET"]}}],"collection":[{"href":"https:\/\/www.eclip.ar\/puerto-madryn\/wp-json\/wp\/v2\/pages"}],"about":[{"href":"https:\/\/www.eclip.ar\/puerto-madryn\/wp-json\/wp\/v2\/types\/page"}],"author":[{"embeddable":true,"href":"https:\/\/www.eclip.ar\/puerto-madryn\/wp-json\/wp\/v2\/users\/3"}],"replies":[{"embeddable":true,"href":"https:\/\/www.eclip.ar\/puerto-madryn\/wp-json\/wp\/v2\/comments?post=2769"}],"version-history":[{"count":0,"href":"https:\/\/www.eclip.ar\/puerto-madryn\/wp-json\/wp\/v2\/pages\/2769\/revisions"}],"wp:attachment":[{"href":"https:\/\/www.eclip.ar\/puerto-madryn\/wp-json\/wp\/v2\/media?parent=2769"}],"curies":[{"name":"wp","href":"https:\/\/api.w.org\/{rel}","templated":true}]}}