{"id":2245,"date":"2024-09-18T08:38:06","date_gmt":"2024-09-18T11:38:06","guid":{"rendered":"https:\/\/www.eclip.ar\/puerto-madryn\/finalizar-compra\/"},"modified":"2024-09-18T09:27:33","modified_gmt":"2024-09-18T12:27:33","slug":"finalizar-compra","status":"publish","type":"page","link":"https:\/\/www.eclip.ar\/puerto-madryn\/finalizar-compra\/","title":{"rendered":"Finalizar compra"},"content":{"rendered":"<div class=\"woocommerce\"><\/div>","protected":false},"excerpt":{"rendered":"","protected":false},"author":1,"featured_media":0,"parent":0,"menu_order":0,"comment_status":"closed","ping_status":"closed","template":"","meta":{"_joinchat":[],"footnotes":""},"class_list":["post-2245","page","type-page","status-publish","hentry"],"yoast_head":"<!-- This site is optimized with the Yoast SEO Premium plugin v22.7 (Yoast SEO v26.8) - https:\/\/yoast.com\/product\/yoast-seo-premium-wordpress\/ -->\n<title>Finalizar compra - eclip<\/title>\n<meta name=\"description\" content=\"Descubre nuestra librer\u00eda y productos tecnol\u00f3gicos en eclip.ar, Puerto Madryn.\" \/>\n<meta name=\"robots\" content=\"index, follow, max-snippet:-1, max-image-preview:large, max-video-preview:-1\" \/>\n<link rel=\"canonical\" href=\"https:\/\/www.eclip.ar\/puerto-madryn\/finalizar-compra\/\" \/>\n<meta property=\"og:locale\" content=\"es_ES\" \/>\n<meta property=\"og:type\" content=\"article\" \/>\n<meta property=\"og:title\" content=\"Finalizar compra\" \/>\n<meta property=\"og:description\" content=\"Descubre nuestra librer\u00eda y productos tecnol\u00f3gicos en eclip.ar, Puerto Madryn.\" \/>\n<meta property=\"og:url\" content=\"https:\/\/www.eclip.ar\/puerto-madryn\/finalizar-compra\/\" \/>\n<meta property=\"og:site_name\" content=\"eclip\" \/>\n<meta property=\"article:modified_time\" content=\"2024-09-18T12:27:33+00:00\" \/>\n<meta name=\"twitter:card\" content=\"summary_large_image\" \/>\n<meta name=\"twitter:label1\" content=\"Tiempo de lectura\" \/>\n\t<meta name=\"twitter:data1\" content=\"1 minuto\" \/>\n<script type=\"application\/ld+json\" class=\"yoast-schema-graph\">{\"@context\":\"https:\/\/schema.org\",\"@graph\":[{\"@type\":\"WebPage\",\"@id\":\"https:\/\/www.eclip.ar\/puerto-madryn\/finalizar-compra\/\",\"url\":\"https:\/\/www.eclip.ar\/puerto-madryn\/finalizar-compra\/\",\"name\":\"Finalizar compra - eclip\",\"isPartOf\":{\"@id\":\"https:\/\/www.eclip.ar\/puerto-madryn\/#website\"},\"datePublished\":\"2024-09-18T11:38:06+00:00\",\"dateModified\":\"2024-09-18T12:27:33+00:00\",\"description\":\"Descubre nuestra librer\u00eda y productos tecnol\u00f3gicos en eclip.ar, Puerto Madryn.\",\"breadcrumb\":{\"@id\":\"https:\/\/www.eclip.ar\/puerto-madryn\/finalizar-compra\/#breadcrumb\"},\"inLanguage\":\"es\",\"potentialAction\":[{\"@type\":\"ReadAction\",\"target\":[\"https:\/\/www.eclip.ar\/puerto-madryn\/finalizar-compra\/\"]}]},{\"@type\":\"BreadcrumbList\",\"@id\":\"https:\/\/www.eclip.ar\/puerto-madryn\/finalizar-compra\/#breadcrumb\",\"itemListElement\":[{\"@type\":\"ListItem\",\"position\":1,\"name\":\"Inicio\",\"item\":\"https:\/\/www.eclip.ar\/puerto-madryn\/\"},{\"@type\":\"ListItem\",\"position\":2,\"name\":\"Finalizar compra\"}]},{\"@type\":\"WebSite\",\"@id\":\"https:\/\/www.eclip.ar\/puerto-madryn\/#website\",\"url\":\"https:\/\/www.eclip.ar\/puerto-madryn\/\",\"name\":\"eclip\",\"description\":\"Libreria - Tecnolog\u00eda\",\"publisher\":{\"@id\":\"https:\/\/www.eclip.ar\/puerto-madryn\/#organization\"},\"potentialAction\":[{\"@type\":\"SearchAction\",\"target\":{\"@type\":\"EntryPoint\",\"urlTemplate\":\"https:\/\/www.eclip.ar\/puerto-madryn\/?s={search_term_string}\"},\"query-input\":{\"@type\":\"PropertyValueSpecification\",\"valueRequired\":true,\"valueName\":\"search_term_string\"}}],\"inLanguage\":\"es\"},{\"@type\":[\"Organization\",\"Place\"],\"@id\":\"https:\/\/www.eclip.ar\/puerto-madryn\/#organization\",\"name\":\"eclip - puerto madryn\",\"url\":\"https:\/\/www.eclip.ar\/puerto-madryn\/\",\"logo\":{\"@id\":\"https:\/\/www.eclip.ar\/puerto-madryn\/finalizar-compra\/#local-main-organization-logo\"},\"image\":{\"@id\":\"https:\/\/www.eclip.ar\/puerto-madryn\/finalizar-compra\/#local-main-organization-logo\"},\"description\":\"Empresa de Puerto Madryn dedicada a la venta de productos tecnol\u00f3gicos como routers, pendrives y accesorios, con entregas locales y atenci\u00f3n personalizada v\u00eda WhatsApp.\",\"legalName\":\"eclip\",\"address\":{\"@id\":\"https:\/\/www.eclip.ar\/puerto-madryn\/finalizar-compra\/#local-main-place-address\"},\"telephone\":[\"2804706994\"],\"contactPoint\":{\"@type\":\"ContactPoint\",\"telephone\":\"2804706994\"},\"openingHoursSpecification\":[{\"@type\":\"OpeningHoursSpecification\",\"dayOfWeek\":[\"Monday\",\"Tuesday\",\"Wednesday\",\"Thursday\",\"Friday\",\"Saturday\",\"Sunday\"],\"opens\":\"09:00\",\"closes\":\"21:00\"}]},{\"@type\":\"PostalAddress\",\"@id\":\"https:\/\/www.eclip.ar\/puerto-madryn\/finalizar-compra\/#local-main-place-address\",\"streetAddress\":\"Calle Marzullo 661\",\"addressLocality\":\"Puerto Madryn\",\"postalCode\":\"9120\",\"addressRegion\":\"Chubut\",\"addressCountry\":\"AR\"},{\"@type\":\"ImageObject\",\"inLanguage\":\"es\",\"@id\":\"https:\/\/www.eclip.ar\/puerto-madryn\/finalizar-compra\/#local-main-organization-logo\",\"url\":\"https:\/\/www.eclip.ar\/puerto-madryn\/wp-content\/uploads\/2024\/09\/logos_eclip.jpg\",\"contentUrl\":\"https:\/\/www.eclip.ar\/puerto-madryn\/wp-content\/uploads\/2024\/09\/logos_eclip.jpg\",\"width\":1280,\"height\":1280,\"caption\":\"eclip - puerto madryn\"}]}<\/script>\n<meta name=\"geo.placename\" content=\"Puerto Madryn\" \/>\n<meta name=\"geo.region\" content=\"Argentina\" \/>\n<!-- \/ Yoast SEO Premium plugin. -->","yoast_head_json":{"title":"Finalizar compra - eclip","description":"Descubre nuestra librer\u00eda y productos tecnol\u00f3gicos en eclip.ar, Puerto Madryn.","robots":{"index":"index","follow":"follow","max-snippet":"max-snippet:-1","max-image-preview":"max-image-preview:large","max-video-preview":"max-video-preview:-1"},"canonical":"https:\/\/www.eclip.ar\/puerto-madryn\/finalizar-compra\/","og_locale":"es_ES","og_type":"article","og_title":"Finalizar compra","og_description":"Descubre nuestra librer\u00eda y productos tecnol\u00f3gicos en eclip.ar, Puerto Madryn.","og_url":"https:\/\/www.eclip.ar\/puerto-madryn\/finalizar-compra\/","og_site_name":"eclip","article_modified_time":"2024-09-18T12:27:33+00:00","twitter_card":"summary_large_image","twitter_misc":{"Tiempo de lectura":"1 minuto"},"schema":{"@context":"https:\/\/schema.org","@graph":[{"@type":"WebPage","@id":"https:\/\/www.eclip.ar\/puerto-madryn\/finalizar-compra\/","url":"https:\/\/www.eclip.ar\/puerto-madryn\/finalizar-compra\/","name":"Finalizar compra - eclip","isPartOf":{"@id":"https:\/\/www.eclip.ar\/puerto-madryn\/#website"},"datePublished":"2024-09-18T11:38:06+00:00","dateModified":"2024-09-18T12:27:33+00:00","description":"Descubre nuestra librer\u00eda y productos tecnol\u00f3gicos en eclip.ar, Puerto Madryn.","breadcrumb":{"@id":"https:\/\/www.eclip.ar\/puerto-madryn\/finalizar-compra\/#breadcrumb"},"inLanguage":"es","potentialAction":[{"@type":"ReadAction","target":["https:\/\/www.eclip.ar\/puerto-madryn\/finalizar-compra\/"]}]},{"@type":"BreadcrumbList","@id":"https:\/\/www.eclip.ar\/puerto-madryn\/finalizar-compra\/#breadcrumb","itemListElement":[{"@type":"ListItem","position":1,"name":"Inicio","item":"https:\/\/www.eclip.ar\/puerto-madryn\/"},{"@type":"ListItem","position":2,"name":"Finalizar compra"}]},{"@type":"WebSite","@id":"https:\/\/www.eclip.ar\/puerto-madryn\/#website","url":"https:\/\/www.eclip.ar\/puerto-madryn\/","name":"eclip","description":"Libreria - Tecnolog\u00eda","publisher":{"@id":"https:\/\/www.eclip.ar\/puerto-madryn\/#organization"},"potentialAction":[{"@type":"SearchAction","target":{"@type":"EntryPoint","urlTemplate":"https:\/\/www.eclip.ar\/puerto-madryn\/?s={search_term_string}"},"query-input":{"@type":"PropertyValueSpecification","valueRequired":true,"valueName":"search_term_string"}}],"inLanguage":"es"},{"@type":["Organization","Place"],"@id":"https:\/\/www.eclip.ar\/puerto-madryn\/#organization","name":"eclip - puerto madryn","url":"https:\/\/www.eclip.ar\/puerto-madryn\/","logo":{"@id":"https:\/\/www.eclip.ar\/puerto-madryn\/finalizar-compra\/#local-main-organization-logo"},"image":{"@id":"https:\/\/www.eclip.ar\/puerto-madryn\/finalizar-compra\/#local-main-organization-logo"},"description":"Empresa de Puerto Madryn dedicada a la venta de productos tecnol\u00f3gicos como routers, pendrives y accesorios, con entregas locales y atenci\u00f3n personalizada v\u00eda WhatsApp.","legalName":"eclip","address":{"@id":"https:\/\/www.eclip.ar\/puerto-madryn\/finalizar-compra\/#local-main-place-address"},"telephone":["2804706994"],"contactPoint":{"@type":"ContactPoint","telephone":"2804706994"},"openingHoursSpecification":[{"@type":"OpeningHoursSpecification","dayOfWeek":["Monday","Tuesday","Wednesday","Thursday","Friday","Saturday","Sunday"],"opens":"09:00","closes":"21:00"}]},{"@type":"PostalAddress","@id":"https:\/\/www.eclip.ar\/puerto-madryn\/finalizar-compra\/#local-main-place-address","streetAddress":"Calle Marzullo 661","addressLocality":"Puerto Madryn","postalCode":"9120","addressRegion":"Chubut","addressCountry":"AR"},{"@type":"ImageObject","inLanguage":"es","@id":"https:\/\/www.eclip.ar\/puerto-madryn\/finalizar-compra\/#local-main-organization-logo","url":"https:\/\/www.eclip.ar\/puerto-madryn\/wp-content\/uploads\/2024\/09\/logos_eclip.jpg","contentUrl":"https:\/\/www.eclip.ar\/puerto-madryn\/wp-content\/uploads\/2024\/09\/logos_eclip.jpg","width":1280,"height":1280,"caption":"eclip - puerto madryn"}]},"geo.placename":"Puerto Madryn","geo.region":"Argentina"},"_links":{"self":[{"href":"https:\/\/www.eclip.ar\/puerto-madryn\/wp-json\/wp\/v2\/pages\/2245","targetHints":{"allow":["GET"]}}],"collection":[{"href":"https:\/\/www.eclip.ar\/puerto-madryn\/wp-json\/wp\/v2\/pages"}],"about":[{"href":"https:\/\/www.eclip.ar\/puerto-madryn\/wp-json\/wp\/v2\/types\/page"}],"author":[{"embeddable":true,"href":"https:\/\/www.eclip.ar\/puerto-madryn\/wp-json\/wp\/v2\/users\/1"}],"replies":[{"embeddable":true,"href":"https:\/\/www.eclip.ar\/puerto-madryn\/wp-json\/wp\/v2\/comments?post=2245"}],"version-history":[{"count":0,"href":"https:\/\/www.eclip.ar\/puerto-madryn\/wp-json\/wp\/v2\/pages\/2245\/revisions"}],"wp:attachment":[{"href":"https:\/\/www.eclip.ar\/puerto-madryn\/wp-json\/wp\/v2\/media?parent=2245"}],"curies":[{"name":"wp","href":"https:\/\/api.w.org\/{rel}","templated":true}]}}